{"id":116,"date":"2023-11-11T14:35:19","date_gmt":"2023-11-11T14:35:19","guid":{"rendered":"https:\/\/peterkraltami.nl\/?page_id=116"},"modified":"2023-12-02T13:23:36","modified_gmt":"2023-12-02T13:23:36","slug":"airco","status":"publish","type":"page","link":"https:\/\/peterkraltami.nl\/?page_id=116","title":{"rendered":"Airco"},"content":{"rendered":"\t\t<div data-elementor-type=\"wp-page\" data-elementor-id=\"116\" class=\"elementor elementor-116\" data-elementor-post-type=\"page\">\n\t\t\t\t<div class=\"elementor-element elementor-element-53777e7 e-con-full e-flex e-con e-parent\" data-id=\"53777e7\" data-element_type=\"container\" data-e-type=\"container\">\n\t\t<div class=\"elementor-element elementor-element-f957860 e-flex e-con-boxed e-con e-child\" data-id=\"f957860\" data-element_type=\"container\" data-e-type=\"container\">\n\t\t\t\t\t<div class=\"e-con-inner\">\n\t\t\t\t<div class=\"elementor-element elementor-element-1279b99 elementor-widget elementor-widget-heading\" data-id=\"1279b99\" data-element_type=\"widget\" data-e-type=\"widget\" data-widget_type=\"heading.default\">\n\t\t\t\t<div class=\"elementor-widget-container\">\n\t\t\t\t\t<h2 class=\"elementor-heading-title elementor-size-default\">Airco<\/h2>\t\t\t\t<\/div>\n\t\t\t\t<\/div>\n\t\t\t\t<div class=\"elementor-element elementor-element-f1b8d27 elementor-widget elementor-widget-text-editor\" data-id=\"f1b8d27\" data-element_type=\"widget\" data-e-type=\"widget\" data-widget_type=\"text-editor.default\">\n\t\t\t\t<div class=\"elementor-widget-container\">\n\t\t\t\t\t\t\t\t\t<p>In deze tijd van hoge gasprijzen is het verstandig om een alternatief te zoeken voor het verwarmen van uw woning. Een makkelijke en voordelige manier is een airco te laten monteren. Een airco heb je in een zogeheten single split unit en een multi split unit. De single split is \u00e9\u00e9n buitenunit en \u00e9\u00e9n binnenunit, de multi split is \u00e9\u00e9n buitenunit en meerdere binnenunits. De eerste wordt vaak toegepast om grotere ruimtes zoals een woonkamer te verwarmen of te koelen. De multi split komt vaak voor in slaapkamers. Welke voor u van toepassing is, zullen we moeten berekenen op de m\u00b3 van de kamer waar deze in moet komen te hangen.<br \/>Er zijn veel verschillende merken en die hebben ook weer veel modellen. Van een simpele witte tot een super modern design en alles daar tussenin. <br \/>Neem gerust contact op als u advies of informatie wil.<\/p>\t\t\t\t\t\t\t\t<\/div>\n\t\t\t\t<\/div>\n\t\t\t\t<div class=\"elementor-element elementor-element-4c36864 elementor-widget elementor-widget-gallery\" data-id=\"4c36864\" data-element_type=\"widget\" data-e-type=\"widget\" data-settings=\"{&quot;lazyload&quot;:&quot;yes&quot;,&quot;gallery_layout&quot;:&quot;grid&quot;,&quot;columns&quot;:4,&quot;columns_tablet&quot;:2,&quot;columns_mobile&quot;:1,&quot;gap&quot;:{&quot;unit&quot;:&quot;px&quot;,&quot;size&quot;:10,&quot;sizes&quot;:[]},&quot;gap_tablet&quot;:{&quot;unit&quot;:&quot;px&quot;,&quot;size&quot;:10,&quot;sizes&quot;:[]},&quot;gap_mobile&quot;:{&quot;unit&quot;:&quot;px&quot;,&quot;size&quot;:10,&quot;sizes&quot;:[]},&quot;link_to&quot;:&quot;file&quot;,&quot;aspect_ratio&quot;:&quot;3:2&quot;,&quot;overlay_background&quot;:&quot;yes&quot;,&quot;content_hover_animation&quot;:&quot;fade-in&quot;}\" data-widget_type=\"gallery.default\">\n\t\t\t\t<div class=\"elementor-widget-container\">\n\t\t\t\t\t\t\t<div class=\"elementor-gallery__container\">\n\t\t\t\t\t\t\t<a class=\"e-gallery-item elementor-gallery-item elementor-animated-content\" href=\"https:\/\/peterkraltami.nl\/wp-content\/uploads\/2023\/12\/airco-scaled.jpg\" data-elementor-open-lightbox=\"yes\" data-elementor-lightbox-slideshow=\"4c36864\" data-elementor-lightbox-title=\"airco\" data-e-action-hash=\"#elementor-action%3Aaction%3Dlightbox%26settings%3DeyJpZCI6MjQ5LCJ1cmwiOiJodHRwczpcL1wvcGV0ZXJrcmFsdGFtaS5ubFwvd3AtY29udGVudFwvdXBsb2Fkc1wvMjAyM1wvMTJcL2FpcmNvLXNjYWxlZC5qcGciLCJzbGlkZXNob3ciOiI0YzM2ODY0In0%3D\">\n\t\t\t\t\t<div class=\"e-gallery-image elementor-gallery-item__image\" data-thumbnail=\"https:\/\/peterkraltami.nl\/wp-content\/uploads\/2023\/12\/airco-scaled.jpg\" data-width=\"2560\" data-height=\"1183\" aria-label=\"\" role=\"img\" ><\/div>\n\t\t\t\t\t\t\t\t\t\t\t<div class=\"elementor-gallery-item__overlay\"><\/div>\n\t\t\t\t\t\t\t\t\t\t\t\t\t\t<\/a>\n\t\t\t\t\t<\/div>\n\t\t\t\t\t<\/div>\n\t\t\t\t<\/div>\n\t\t\t\t\t<\/div>\n\t\t\t\t<\/div>\n\t\t\t\t<\/div>\n\t\t\t\t<\/div>\n\t\t","protected":false},"excerpt":{"rendered":"<p>Airco In deze tijd van hoge gasprijzen is het verstandig om een alternatief te zoeken voor het verwarmen van uw woning. Een makkelijke en voordelige manier is een airco te laten monteren. Een airco heb je in een zogeheten single split unit en een multi split unit. De single split is \u00e9\u00e9n buitenunit en \u00e9\u00e9n [&hellip;]<\/p>\n","protected":false},"author":1,"featured_media":0,"parent":0,"menu_order":0,"comment_status":"closed","ping_status":"closed","template":"","meta":{"footnotes":""},"class_list":["post-116","page","type-page","status-publish","hentry"],"_links":{"self":[{"href":"https:\/\/peterkraltami.nl\/index.php?rest_route=\/wp\/v2\/pages\/116","targetHints":{"allow":["GET"]}}],"collection":[{"href":"https:\/\/peterkraltami.nl\/index.php?rest_route=\/wp\/v2\/pages"}],"about":[{"href":"https:\/\/peterkraltami.nl\/index.php?rest_route=\/wp\/v2\/types\/page"}],"author":[{"embeddable":true,"href":"https:\/\/peterkraltami.nl\/index.php?rest_route=\/wp\/v2\/users\/1"}],"replies":[{"embeddable":true,"href":"https:\/\/peterkraltami.nl\/index.php?rest_route=%2Fwp%2Fv2%2Fcomments&post=116"}],"version-history":[{"count":16,"href":"https:\/\/peterkraltami.nl\/index.php?rest_route=\/wp\/v2\/pages\/116\/revisions"}],"predecessor-version":[{"id":281,"href":"https:\/\/peterkraltami.nl\/index.php?rest_route=\/wp\/v2\/pages\/116\/revisions\/281"}],"wp:attachment":[{"href":"https:\/\/peterkraltami.nl\/index.php?rest_route=%2Fwp%2Fv2%2Fmedia&parent=116"}],"curies":[{"name":"wp","href":"https:\/\/api.w.org\/{rel}","templated":true}]}}